{"id":6030,"date":"2019-03-27T16:21:13","date_gmt":"2019-03-27T15:21:13","guid":{"rendered":"https:\/\/plavipixel.hr\/portfolio\/amarie-dizajn\/"},"modified":"2019-10-30T15:49:39","modified_gmt":"2019-10-30T14:49:39","slug":"amarie-design","status":"publish","type":"page","link":"https:\/\/plavipixel.hr\/en\/portfolio\/amarie-design\/","title":{"rendered":"A&#8217;Marie Design"},"content":{"rendered":"<p>[et_pb_section fb_built=&#8221;1&#8243; custom_padding_last_edited=&#8221;on|phone&#8221; _builder_version=&#8221;3.22&#8243; custom_margin_tablet=&#8221;&#8221; custom_margin_phone=&#8221;&#8221; custom_margin_last_edited=&#8221;on|desktop&#8221; custom_padding=&#8221;|||&#8221; custom_padding_tablet=&#8221;&#8221; custom_padding_phone=&#8221;20px|||&#8221; top_divider_style=&#8221;asymmetric4&#8243; top_divider_color=&#8221;#0C71C3&#8243; top_divider_height=&#8221;300px&#8221; top_divider_flip=&#8221;horizontal&#8221; top_divider_height_tablet=&#8221;150px&#8221; top_divider_height_phone=&#8221;90px&#8221; top_divider_height_last_edited=&#8221;on|phone&#8221;][et_pb_row custom_padding_last_edited=&#8221;on|tablet&#8221; _builder_version=&#8221;3.25&#8243; background_size=&#8221;initial&#8221; background_position=&#8221;top_left&#8221; background_repeat=&#8221;repeat&#8221; custom_padding_tablet=&#8221;0px||0px|&#8221; custom_padding_phone=&#8221;0px||0px|&#8221;][et_pb_column type=&#8221;4_4&#8243; _builder_version=&#8221;3.25&#8243; custom_padding=&#8221;|||&#8221; custom_padding_tablet=&#8221;|||&#8221; custom_padding_last_edited=&#8221;off|desktop&#8221; custom_padding__hover=&#8221;|||&#8221;][et_pb_post_title meta=&#8221;off&#8221; featured_image=&#8221;off&#8221; text_color=&#8221;light&#8221; admin_label=&#8221;Ime klijenta&#8221; module_class=&#8221;h1&#8211;portfolio&#8221; _builder_version=&#8221;3.21.1&#8243; title_text_color=&#8221;#ffffff&#8221; title_font_size=&#8221;44&#8243; title_font_size_tablet=&#8221;32&#8243; title_font_size_phone=&#8221;18&#8243; title_font_size_last_edited=&#8221;on|tablet&#8221; title_letter_spacing_last_edited=&#8221;off|desktop&#8221; title_line_height_tablet=&#8221;&#8221; title_line_height_phone=&#8221;&#8221; title_line_height_last_edited=&#8221;on|desktop&#8221;][\/et_pb_post_title][\/et_pb_column][\/et_pb_row][\/et_pb_section][et_pb_section fb_built=&#8221;1&#8243; module_class=&#8221;section&#8211;portfolio-top&#8221; _builder_version=&#8221;3.22.3&#8243;][et_pb_row module_class=&#8221;row&#8211;portfolio-header&#8221; _builder_version=&#8221;3.25&#8243; custom_padding=&#8221;100px|0px|50px|0px|false|false&#8221;][et_pb_column type=&#8221;4_4&#8243; _builder_version=&#8221;3.25&#8243; custom_padding=&#8221;|||&#8221; custom_padding__hover=&#8221;|||&#8221;][et_pb_text admin_label=&#8221;01&#8243; module_class=&#8221;module__numeracija module&#8211;numeracija-siva&#8221; _builder_version=&#8221;3.27.4&#8243;]01<br \/>\n[\/et_pb_text][et_pb_text admin_label=&#8221;Usluge&#8221; module_class=&#8221;h2&#8211;portfolio&#8221; _builder_version=&#8221;4.0&#8243;]Services[\/et_pb_text][\/et_pb_column][\/et_pb_row][et_pb_row column_structure=&#8221;1_2,1_2&#8243; module_class=&#8221;row&#8211;portfolio-list&#8221; _builder_version=&#8221;3.25&#8243;][et_pb_column type=&#8221;1_2&#8243; _builder_version=&#8221;3.25&#8243; custom_padding=&#8221;|||&#8221; custom_padding__hover=&#8221;|||&#8221;][et_pb_text admin_label=&#8221;Natuknice&#8221; module_class=&#8221;text__portfolio&#8221; _builder_version=&#8221;3.27.4&#8243; custom_margin=&#8221;||&#8221; custom_margin_tablet=&#8221;&#8221; custom_margin_phone=&#8221;||-15px&#8221; custom_margin_last_edited=&#8221;on|desktop&#8221;]<\/p>\n<p>\u2714 webshop<\/p>\n<p>\u2714 hosting<\/p>\n<p>[\/et_pb_text][\/et_pb_column][et_pb_column type=&#8221;1_2&#8243; _builder_version=&#8221;3.25&#8243; custom_padding=&#8221;|||&#8221; custom_padding__hover=&#8221;|||&#8221;][et_pb_text admin_label=&#8221;Natuknice&#8221; module_class=&#8221;text__portfolio&#8221; _builder_version=&#8221;4.0&#8243; hover_enabled=&#8221;0&#8243;]<\/p>\n<p>\u2714 editing and preparing content<\/p>\n<p> \u2714 maintaining services<\/p>\n<p>[\/et_pb_text][\/et_pb_column][\/et_pb_row][et_pb_row module_class=&#8221;row__portfolio&#8221; _builder_version=&#8221;3.25&#8243;][et_pb_column type=&#8221;4_4&#8243; _builder_version=&#8221;3.25&#8243; custom_padding=&#8221;|||&#8221; custom_padding__hover=&#8221;|||&#8221;][et_pb_text admin_label=&#8221;Sa\u017eetak&#8221; module_class=&#8221;text__portfolio&#8221; _builder_version=&#8221;4.0&#8243;]A&#8217;Marie is a renowned design brand that has been active in the Croatian fashion scene since 2004. It is owned by Anamarija Brki\u0107-Vi\u0161nji\u0107, one of the most respected Croatian designers, and the collections of the A&#8217;Marie brand attract a lot of attention from the audience and the media.[\/et_pb_text][\/et_pb_column][\/et_pb_row][\/et_pb_section][et_pb_section fb_built=&#8221;1&#8243; module_class=&#8221;divider__diagonal-shadow&#8221; _builder_version=&#8221;3.22.3&#8243;][et_pb_row column_structure=&#8221;1_2,1_2&#8243; module_class=&#8221;row&#8211;portfolio-header&#8221; _builder_version=&#8221;3.25&#8243;][et_pb_column type=&#8221;1_2&#8243; _builder_version=&#8221;3.25&#8243; custom_padding=&#8221;|||&#8221; custom_padding__hover=&#8221;|||&#8221;][et_pb_text admin_label=&#8221;02&#8243; module_class=&#8221;module__numeracija module&#8211;numeracija-plava&#8221; _builder_version=&#8221;3.27.4&#8243;]02<br \/>\n[\/et_pb_text][et_pb_text admin_label=&#8221;Izazov&#8221; module_class=&#8221;h2&#8211;portfolio&#8221; _builder_version=&#8221;4.0&#8243;]Challenge[\/et_pb_text][et_pb_text module_class=&#8221;text__portfolio&#8221; _builder_version=&#8221;4.0&#8243;]Creating the A&#8217;Marie Web Store was a comprehensive and challenging project that required a high level of communication with a client, creativity and technical knowledge. A project of this type requires constant development and upgrades, all thanks to analysis of visitor behavior and careful monitoring of website analytics and, accordingly, application of this information for the purpose of improving the display of items and the purchasing process.<\/p>\n<p>The A&#8217;Marie brand web shop did not meet the high demands of modern customers, and the client insisted on creating a modern and aesthetically pleasing web shop that would provide customers with a superior user experience.<\/p>\n<p>The old web shop was extremely difficult to use due to indistinctly set categories and required lots of clicks from users, which made it difficult for potential customers to navigate the site.<\/p>\n<p>Also, there was a problem with displaying the images. They were not laid out clearly, and often only a part of the whole picture was displayed, which is a big problem for any web shop, and especially for a shop aiming to sell designer clothes. Visitors need to be able to easily find the products they are interested in and get all the information they need, and we know that it is not said in vain that pictures speak more than a thousand words.[\/et_pb_text][\/et_pb_column][et_pb_column type=&#8221;1_2&#8243; _builder_version=&#8221;3.25&#8243; custom_padding=&#8221;|||&#8221; custom_padding__hover=&#8221;|||&#8221;][et_pb_image src=&#8221;https:\/\/plavipixel.hr\/wp-content\/uploads\/2019\/04\/20190403-amarie-portfolio.png&#8221; align_tablet=&#8221;center&#8221; align_phone=&#8221;&#8221; align_last_edited=&#8221;on|desktop&#8221; _builder_version=&#8221;3.23&#8243;][\/et_pb_image][et_pb_image src=&#8221;https:\/\/plavipixel.hr\/wp-content\/uploads\/2018\/05\/pcz01-e1526477292337.png&#8221; align_tablet=&#8221;center&#8221; align_phone=&#8221;&#8221; align_last_edited=&#8221;on|desktop&#8221; module_class=&#8221;image__portfolio&#8221; _builder_version=&#8221;3.23&#8243;][\/et_pb_image][\/et_pb_column][\/et_pb_row][\/et_pb_section][et_pb_section fb_built=&#8221;1&#8243; module_class=&#8221;divider__diagonal-shadow-bg&#8221; _builder_version=&#8221;3.22.3&#8243;][et_pb_row column_structure=&#8221;1_2,1_2&#8243; module_class=&#8221;row&#8211;portfolio-header&#8221; _builder_version=&#8221;3.25&#8243; custom_padding=&#8221;100px|0|50px|0px|false|false&#8221;][et_pb_column type=&#8221;1_2&#8243; _builder_version=&#8221;3.25&#8243; custom_padding=&#8221;|||&#8221; custom_padding__hover=&#8221;|||&#8221;][et_pb_text admin_label=&#8221;03&#8243; module_class=&#8221;module__numeracija module&#8211;numeracija-siva&#8221; _builder_version=&#8221;3.27.4&#8243;]03<br \/>\n[\/et_pb_text][et_pb_text admin_label=&#8221;Rje\u0161enje&#8221; module_class=&#8221;h2&#8211;portfolio&#8221; _builder_version=&#8221;4.0&#8243;]Solution[\/et_pb_text][et_pb_text admin_label=&#8221;Subtitle&#8221; module_class=&#8221;h3&#8211;portfolio&#8221; _builder_version=&#8221;3.27.4&#8243;]<\/p>\n<p>Creating New Webshop<\/p>\n<p>[\/et_pb_text][et_pb_text module_class=&#8221;text__portfolio&#8221; _builder_version=&#8221;4.0&#8243;]We have created a new web shop with a responsive display for our client. Unlike the old web shop, this one has strictly defined categories of clothing, landing page and wishlist. We paid special attention to the display of web shop on mobile devices.[\/et_pb_text][\/et_pb_column][et_pb_column type=&#8221;1_2&#8243; _builder_version=&#8221;3.25&#8243; custom_padding=&#8221;|||&#8221; custom_padding__hover=&#8221;|||&#8221;][et_pb_image src=&#8221;https:\/\/plavipixel.hr\/wp-content\/uploads\/2019\/03\/Amarie_portfolio.png&#8221; align_tablet=&#8221;center&#8221; align_phone=&#8221;&#8221; align_last_edited=&#8221;on|desktop&#8221; module_class=&#8221;image__portfolio&#8221; _builder_version=&#8221;3.23&#8243;][\/et_pb_image][\/et_pb_column][\/et_pb_row][et_pb_row column_structure=&#8221;1_2,1_2&#8243; module_class=&#8221;row__portfolio&#8221; _builder_version=&#8221;3.25&#8243;][et_pb_column type=&#8221;1_2&#8243; _builder_version=&#8221;3.25&#8243; custom_padding=&#8221;|||&#8221; custom_padding__hover=&#8221;|||&#8221;][et_pb_image src=&#8221;https:\/\/plavipixel.hr\/wp-content\/uploads\/2019\/03\/amarie_trgovina.jpg&#8221; align_tablet=&#8221;center&#8221; align_phone=&#8221;&#8221; align_last_edited=&#8221;on|desktop&#8221; disabled_on=&#8221;on|on|off&#8221; module_class=&#8221;image__portfolio&#8221; _builder_version=&#8221;3.23&#8243; custom_margin=&#8221;34px||&#8221;][\/et_pb_image][\/et_pb_column][et_pb_column type=&#8221;1_2&#8243; _builder_version=&#8221;3.25&#8243; custom_padding=&#8221;|||&#8221; custom_padding__hover=&#8221;|||&#8221;][et_pb_text admin_label=&#8221;Subtitle&#8221; module_class=&#8221;h3&#8211;portfolio&#8221; _builder_version=&#8221;3.27.4&#8243;][\/et_pb_text][et_pb_text module_class=&#8221;text__portfolio&#8221; _builder_version=&#8221;4.0&#8243;]Information presentation is improved in comparison with the old website. The search for the perfect garment has to be a pleasant experience, so visitors of the A&#8217;Marie Web Shop can easily browse through all the items, and clearly indicate which collection is newer and which items are on sale.<\/p>\n<p>The web shop is designed in cooperation with A&#8217;Marie to meet high technological and aesthetic standards. One of the most important things we paid attention to when creating the site was the quality of the photos. Photos have a primary impact on customers&#8217; perceptions of product quality and are often the basis for purchasing decision, so high quality photos and their elegant appearance are at the forefront.[\/et_pb_text][\/et_pb_column][\/et_pb_row][\/et_pb_section][et_pb_section fb_built=&#8221;1&#8243; module_class=&#8221;divider__diagonal-shadow&#8221; _builder_version=&#8221;3.22.3&#8243;][et_pb_row column_structure=&#8221;1_2,1_2&#8243; module_class=&#8221;row&#8211;portfolio-header&#8221; _builder_version=&#8221;3.25&#8243; custom_padding=&#8221;100px|0px|0|0px|false|false&#8221;][et_pb_column type=&#8221;1_2&#8243; _builder_version=&#8221;3.25&#8243; custom_padding=&#8221;|||&#8221; custom_padding__hover=&#8221;|||&#8221;][et_pb_text admin_label=&#8221;02&#8243; module_class=&#8221;module__numeracija module&#8211;numeracija-plava&#8221; _builder_version=&#8221;3.27.4&#8243;]<\/p>\n<p>04<\/p>\n<p>[\/et_pb_text][et_pb_text admin_label=&#8221;Izazov&#8221; module_class=&#8221;h2&#8211;portfolio&#8221; _builder_version=&#8221;4.0&#8243;]Conclusion[\/et_pb_text][et_pb_text module_class=&#8221;text__portfolio&#8221; _builder_version=&#8221;4.0&#8243;]Confirmation of the quality of the new web shop came quickly, as the first morning after the launch of the new site there was a significant increase in web store traffic. For the client, we continue to monitor page traffic and visitor behavior so that we can continue to improve the functionality of the page.[\/et_pb_text][\/et_pb_column][et_pb_column type=&#8221;1_2&#8243; _builder_version=&#8221;3.25&#8243; custom_padding=&#8221;|||&#8221; custom_padding__hover=&#8221;|||&#8221;][et_pb_text module_class=&#8221;text__portfolio&#8221; _builder_version=&#8221;3.27.4&#8243;]<\/p>\n<p><img loading=\"lazy\" decoding=\"async\" src=\"https:\/\/plavipixel.hr\/wp-content\/uploads\/2019\/03\/amarie_mockup_2.jpeg\" width=\"1920\" height=\"1316\" alt=\"amarie_mockup_2\" class=\"wp-image-5285 alignnone size-full\" srcset=\"https:\/\/plavipixel.hr\/wp-content\/uploads\/2019\/03\/amarie_mockup_2.jpeg 1920w, https:\/\/plavipixel.hr\/wp-content\/uploads\/2019\/03\/amarie_mockup_2-300x206.jpeg 300w, https:\/\/plavipixel.hr\/wp-content\/uploads\/2019\/03\/amarie_mockup_2-768x526.jpeg 768w, https:\/\/plavipixel.hr\/wp-content\/uploads\/2019\/03\/amarie_mockup_2-1024x702.jpeg 1024w, https:\/\/plavipixel.hr\/wp-content\/uploads\/2019\/03\/amarie_mockup_2-1080x740.jpeg 1080w, https:\/\/plavipixel.hr\/wp-content\/uploads\/2019\/03\/amarie_mockup_2-20x14.jpeg 20w\" sizes=\"auto, (max-width: 1920px) 100vw, 1920px\" \/><\/p>\n<p>&nbsp;<\/p>\n<p>[\/et_pb_text][et_pb_image src=&#8221;https:\/\/plavipixel.hr\/wp-content\/uploads\/2018\/05\/pcz01-e1526477292337.png&#8221; align_tablet=&#8221;center&#8221; align_phone=&#8221;&#8221; align_last_edited=&#8221;on|desktop&#8221; module_class=&#8221;image__portfolio&#8221; _builder_version=&#8221;3.23&#8243;][\/et_pb_image][\/et_pb_column][\/et_pb_row][et_pb_row _builder_version=&#8221;3.25&#8243; custom_padding=&#8221;0|0px|30px|0px|false|false&#8221; link_option_url_new_window=&#8221;on&#8221;][et_pb_column type=&#8221;4_4&#8243; _builder_version=&#8221;3.25&#8243; custom_padding=&#8221;|||&#8221; custom_padding__hover=&#8221;|||&#8221;][et_pb_text _builder_version=&#8221;4.0&#8243;]<\/p>\n<p>Take a look at the A\u2019Marie webshop at <a href=\"http:\/\/www.amarie-fashion.com\/\" target=\"_blank\" rel=\"noopener noreferrer\">www.amarie-fashion.com<\/a>.<\/p>\n<p>[\/et_pb_text][\/et_pb_column][\/et_pb_row][\/et_pb_section]<\/p>\n","protected":false},"excerpt":{"rendered":"<p>01 Services\u2714 webshop \u2714 hosting\u2714 editing and preparing content \u2714 maintaining services A&#8217;Marie is a renowned design brand that has been active in the Croatian fashion scene since 2004. It is owned by Anamarija Brki\u0107-Vi\u0161nji\u0107, one of the most respected Croatian designers, and the collections of the A&#8217;Marie brand attract a lot of attention from [&hellip;]<\/p>\n","protected":false},"author":1,"featured_media":0,"parent":5668,"menu_order":0,"comment_status":"closed","ping_status":"closed","template":"","meta":{"_acf_changed":false,"_et_pb_use_builder":"on","_et_pb_old_content":"","_et_gb_content_width":"","footnotes":""},"class_list":["post-6030","page","type-page","status-publish","hentry"],"acf":[],"yoast_head":"<!-- This site is optimized with the Yoast SEO plugin v25.4 - https:\/\/yoast.com\/wordpress\/plugins\/seo\/ -->\n<title>A&#039;Marie Design - PLAVI PIXEL<\/title>\n<meta name=\"robots\" content=\"index, follow, max-snippet:-1, max-image-preview:large, max-video-preview:-1\" \/>\n<link rel=\"canonical\" href=\"https:\/\/plavipixel.hr\/en\/portfolio\/amarie-design\/\" \/>\n<meta property=\"og:locale\" content=\"en_US\" \/>\n<meta property=\"og:type\" content=\"article\" \/>\n<meta property=\"og:title\" content=\"A&#039;Marie Design - PLAVI PIXEL\" \/>\n<meta property=\"og:url\" content=\"https:\/\/plavipixel.hr\/en\/portfolio\/amarie-design\/\" \/>\n<meta property=\"og:site_name\" content=\"PLAVI PIXEL\" \/>\n<meta property=\"article:modified_time\" content=\"2019-10-30T14:49:39+00:00\" \/>\n<meta property=\"og:image\" content=\"https:\/\/plavipixel.hr\/wp-content\/uploads\/2019\/03\/amarie_mockup_2.jpeg\" \/>\n<meta name=\"twitter:card\" content=\"summary_large_image\" \/>\n<meta name=\"twitter:label1\" content=\"Est. reading time\" \/>\n\t<meta name=\"twitter:data1\" content=\"8 minutes\" \/>\n<script type=\"application\/ld+json\" class=\"yoast-schema-graph\">{\"@context\":\"https:\/\/schema.org\",\"@graph\":[{\"@type\":\"WebPage\",\"@id\":\"https:\/\/plavipixel.hr\/en\/portfolio\/amarie-design\/\",\"url\":\"https:\/\/plavipixel.hr\/en\/portfolio\/amarie-design\/\",\"name\":\"A'Marie Design - PLAVI PIXEL\",\"isPartOf\":{\"@id\":\"https:\/\/plavipixel.hr\/en\/#website\"},\"primaryImageOfPage\":{\"@id\":\"https:\/\/plavipixel.hr\/en\/portfolio\/amarie-design\/#primaryimage\"},\"image\":{\"@id\":\"https:\/\/plavipixel.hr\/en\/portfolio\/amarie-design\/#primaryimage\"},\"thumbnailUrl\":\"https:\/\/plavipixel.hr\/wp-content\/uploads\/2019\/03\/amarie_mockup_2.jpeg\",\"datePublished\":\"2019-03-27T15:21:13+00:00\",\"dateModified\":\"2019-10-30T14:49:39+00:00\",\"breadcrumb\":{\"@id\":\"https:\/\/plavipixel.hr\/en\/portfolio\/amarie-design\/#breadcrumb\"},\"inLanguage\":\"en-US\",\"potentialAction\":[{\"@type\":\"ReadAction\",\"target\":[\"https:\/\/plavipixel.hr\/en\/portfolio\/amarie-design\/\"]}]},{\"@type\":\"ImageObject\",\"inLanguage\":\"en-US\",\"@id\":\"https:\/\/plavipixel.hr\/en\/portfolio\/amarie-design\/#primaryimage\",\"url\":\"https:\/\/plavipixel.hr\/wp-content\/uploads\/2019\/03\/amarie_mockup_2.jpeg\",\"contentUrl\":\"https:\/\/plavipixel.hr\/wp-content\/uploads\/2019\/03\/amarie_mockup_2.jpeg\"},{\"@type\":\"BreadcrumbList\",\"@id\":\"https:\/\/plavipixel.hr\/en\/portfolio\/amarie-design\/#breadcrumb\",\"itemListElement\":[{\"@type\":\"ListItem\",\"position\":1,\"name\":\"Po\u010detna stranica\",\"item\":\"https:\/\/plavipixel.hr\/en\/\"},{\"@type\":\"ListItem\",\"position\":2,\"name\":\"Portfolio\",\"item\":\"https:\/\/plavipixel.hr\/en\/portfolio\/\"},{\"@type\":\"ListItem\",\"position\":3,\"name\":\"A&#8217;Marie Design\"}]},{\"@type\":\"WebSite\",\"@id\":\"https:\/\/plavipixel.hr\/en\/#website\",\"url\":\"https:\/\/plavipixel.hr\/en\/\",\"name\":\"PLAVI PIXEL\",\"description\":\"Marketing agencija s fokusom na digitalne medije\",\"potentialAction\":[{\"@type\":\"SearchAction\",\"target\":{\"@type\":\"EntryPoint\",\"urlTemplate\":\"https:\/\/plavipixel.hr\/en\/?s={search_term_string}\"},\"query-input\":{\"@type\":\"PropertyValueSpecification\",\"valueRequired\":true,\"valueName\":\"search_term_string\"}}],\"inLanguage\":\"en-US\"}]}<\/script>\n<!-- \/ Yoast SEO plugin. -->","yoast_head_json":{"title":"A'Marie Design - PLAVI PIXEL","robots":{"index":"index","follow":"follow","max-snippet":"max-snippet:-1","max-image-preview":"max-image-preview:large","max-video-preview":"max-video-preview:-1"},"canonical":"https:\/\/plavipixel.hr\/en\/portfolio\/amarie-design\/","og_locale":"en_US","og_type":"article","og_title":"A'Marie Design - PLAVI PIXEL","og_url":"https:\/\/plavipixel.hr\/en\/portfolio\/amarie-design\/","og_site_name":"PLAVI PIXEL","article_modified_time":"2019-10-30T14:49:39+00:00","og_image":[{"url":"https:\/\/plavipixel.hr\/wp-content\/uploads\/2019\/03\/amarie_mockup_2.jpeg","type":"","width":"","height":""}],"twitter_card":"summary_large_image","twitter_misc":{"Est. reading time":"8 minutes"},"schema":{"@context":"https:\/\/schema.org","@graph":[{"@type":"WebPage","@id":"https:\/\/plavipixel.hr\/en\/portfolio\/amarie-design\/","url":"https:\/\/plavipixel.hr\/en\/portfolio\/amarie-design\/","name":"A'Marie Design - PLAVI PIXEL","isPartOf":{"@id":"https:\/\/plavipixel.hr\/en\/#website"},"primaryImageOfPage":{"@id":"https:\/\/plavipixel.hr\/en\/portfolio\/amarie-design\/#primaryimage"},"image":{"@id":"https:\/\/plavipixel.hr\/en\/portfolio\/amarie-design\/#primaryimage"},"thumbnailUrl":"https:\/\/plavipixel.hr\/wp-content\/uploads\/2019\/03\/amarie_mockup_2.jpeg","datePublished":"2019-03-27T15:21:13+00:00","dateModified":"2019-10-30T14:49:39+00:00","breadcrumb":{"@id":"https:\/\/plavipixel.hr\/en\/portfolio\/amarie-design\/#breadcrumb"},"inLanguage":"en-US","potentialAction":[{"@type":"ReadAction","target":["https:\/\/plavipixel.hr\/en\/portfolio\/amarie-design\/"]}]},{"@type":"ImageObject","inLanguage":"en-US","@id":"https:\/\/plavipixel.hr\/en\/portfolio\/amarie-design\/#primaryimage","url":"https:\/\/plavipixel.hr\/wp-content\/uploads\/2019\/03\/amarie_mockup_2.jpeg","contentUrl":"https:\/\/plavipixel.hr\/wp-content\/uploads\/2019\/03\/amarie_mockup_2.jpeg"},{"@type":"BreadcrumbList","@id":"https:\/\/plavipixel.hr\/en\/portfolio\/amarie-design\/#breadcrumb","itemListElement":[{"@type":"ListItem","position":1,"name":"Po\u010detna stranica","item":"https:\/\/plavipixel.hr\/en\/"},{"@type":"ListItem","position":2,"name":"Portfolio","item":"https:\/\/plavipixel.hr\/en\/portfolio\/"},{"@type":"ListItem","position":3,"name":"A&#8217;Marie Design"}]},{"@type":"WebSite","@id":"https:\/\/plavipixel.hr\/en\/#website","url":"https:\/\/plavipixel.hr\/en\/","name":"PLAVI PIXEL","description":"Marketing agencija s fokusom na digitalne medije","potentialAction":[{"@type":"SearchAction","target":{"@type":"EntryPoint","urlTemplate":"https:\/\/plavipixel.hr\/en\/?s={search_term_string}"},"query-input":{"@type":"PropertyValueSpecification","valueRequired":true,"valueName":"search_term_string"}}],"inLanguage":"en-US"}]}},"_links":{"self":[{"href":"https:\/\/plavipixel.hr\/en\/wp-json\/wp\/v2\/pages\/6030","targetHints":{"allow":["GET"]}}],"collection":[{"href":"https:\/\/plavipixel.hr\/en\/wp-json\/wp\/v2\/pages"}],"about":[{"href":"https:\/\/plavipixel.hr\/en\/wp-json\/wp\/v2\/types\/page"}],"author":[{"embeddable":true,"href":"https:\/\/plavipixel.hr\/en\/wp-json\/wp\/v2\/users\/1"}],"replies":[{"embeddable":true,"href":"https:\/\/plavipixel.hr\/en\/wp-json\/wp\/v2\/comments?post=6030"}],"version-history":[{"count":12,"href":"https:\/\/plavipixel.hr\/en\/wp-json\/wp\/v2\/pages\/6030\/revisions"}],"predecessor-version":[{"id":6154,"href":"https:\/\/plavipixel.hr\/en\/wp-json\/wp\/v2\/pages\/6030\/revisions\/6154"}],"up":[{"embeddable":true,"href":"https:\/\/plavipixel.hr\/en\/wp-json\/wp\/v2\/pages\/5668"}],"wp:attachment":[{"href":"https:\/\/plavipixel.hr\/en\/wp-json\/wp\/v2\/media?parent=6030"}],"curies":[{"name":"wp","href":"https:\/\/api.w.org\/{rel}","templated":true}]}}