{"id":6036,"date":"2018-06-04T15:43:31","date_gmt":"2018-06-04T13:43:31","guid":{"rendered":"https:\/\/plavipixel.hr\/portfolio\/dnevni-boravak-mali-inovatori\/"},"modified":"2018-06-04T15:43:31","modified_gmt":"2018-06-04T13:43:31","slug":"dnevni-boravak-mali-inovatori","status":"publish","type":"page","link":"https:\/\/plavipixel.hr\/en\/portfolio\/dnevni-boravak-mali-inovatori\/","title":{"rendered":"Dnevni Boravak: Mali inovatori"},"content":{"rendered":"<p>[et_pb_section bb_built=&#8221;1&#8243; custom_padding_last_edited=&#8221;on|phone&#8221; _builder_version=&#8221;3.5.1&#8243; custom_margin_last_edited=&#8221;on|desktop&#8221; custom_padding=&#8221;|||&#8221; custom_padding_phone=&#8221;20px|||&#8221; top_divider_style=&#8221;asymmetric4&#8243; top_divider_color=&#8221;#0C71C3&#8243; top_divider_height=&#8221;300px&#8221; top_divider_flip=&#8221;horizontal&#8221; top_divider_height_tablet=&#8221;150px&#8221; top_divider_height_phone=&#8221;90px&#8221; top_divider_height_last_edited=&#8221;on|phone&#8221; next_background_color=&#8221;#000000&#8243; global_module=&#8221;1011&#8243;][et_pb_row global_parent=&#8221;1011&#8243; custom_padding_tablet=&#8221;0px||0px|&#8221; custom_padding_phone=&#8221;0px||0px|&#8221; custom_padding_last_edited=&#8221;on|tablet&#8221; padding_1_tablet=&#8221;|||&#8221; padding_1_last_edited=&#8221;off|desktop&#8221; _builder_version=&#8221;3.2.2&#8243; background_position=&#8221;top_left&#8221; background_repeat=&#8221;repeat&#8221; background_size=&#8221;initial&#8221;][et_pb_column type=&#8221;4_4&#8243;][et_pb_post_title admin_label=&#8221;Ime klijenta&#8221; global_parent=&#8221;1011&#8243; meta=&#8221;off&#8221; featured_image=&#8221;off&#8221; text_color=&#8221;light&#8221; module_class=&#8221;h1&#8211;portfolio&#8221; _builder_version=&#8221;3.4.1&#8243; title_text_color=&#8221;#ffffff&#8221; title_font_size=&#8221;44&#8243; title_font_size_tablet=&#8221;32&#8243; title_font_size_phone=&#8221;18&#8243; title_font_size_last_edited=&#8221;on|tablet&#8221; title_letter_spacing_last_edited=&#8221;off|desktop&#8221; title_line_height_last_edited=&#8221;on|desktop&#8221; \/][\/et_pb_column][\/et_pb_row][\/et_pb_section][et_pb_section bb_built=&#8221;1&#8243; module_class=&#8221;section&#8211;portfolio-top&#8221; _builder_version=&#8221;3.5.1&#8243; prev_background_color=&#8221;#000000&#8243; next_background_color=&#8221;#000000&#8243;][et_pb_row custom_padding=&#8221;100px|0px|50px|0px|false|false&#8221; module_class=&#8221;row&#8211;portfolio-header&#8221; _builder_version=&#8221;3.5.1&#8243;][et_pb_column type=&#8221;4_4&#8243;][et_pb_text admin_label=&#8221;01&#8243; module_class=&#8221;module__numeracija module&#8211;numeracija-siva&#8221; _builder_version=&#8221;3.5.1&#8243;]<\/p>\n<p>01<\/p>\n<p>[\/et_pb_text][et_pb_text admin_label=&#8221;Usluge&#8221; module_class=&#8221;h2&#8211;portfolio&#8221; _builder_version=&#8221;3.5.1&#8243;]<\/p>\n<p>Usluge<\/p>\n<p>[\/et_pb_text][\/et_pb_column][\/et_pb_row][et_pb_row module_class=&#8221;row&#8211;portfolio-list&#8221; _builder_version=&#8221;3.5.1&#8243;][et_pb_column type=&#8221;4_4&#8243;][et_pb_text admin_label=&#8221;Natuknice&#8221; module_class=&#8221;text__portfolio&#8221; _builder_version=&#8221;3.5.1&#8243;]<\/p>\n<p>\u2714 marketing savjetovanje vezano za branding i naziv tvrtke (tvrtka u osnutku)<\/p>\n<p>[\/et_pb_text][\/et_pb_column][\/et_pb_row][et_pb_row module_class=&#8221;row__portfolio&#8221; _builder_version=&#8221;3.5.1&#8243;][et_pb_column type=&#8221;4_4&#8243;][et_pb_text admin_label=&#8221;Sa\u017eetak&#8221; module_class=&#8221;text__portfolio&#8221; _builder_version=&#8221;3.5.1&#8243;]<\/p>\n<p>Klijent je kroz Dnevni boravak \u017eelio pru\u017eiti \u0161kolarcima izvan\u0161kolsku edukaciju. Projekt je zami\u0161ljen na na\u010din da djeca prije ili poslije nastave dolaze pisati zada\u0107u ili u\u010diti nastavno gradivo, a uz to su organizirane i raznovrsne edukativne radionice za djecu i odrasle. Klijent osigurava prijevoz, hranu i pi\u0107e za djecu. U Dnevnom boravku zaposleni su stru\u010dni nastavni suradnici koji su zadu\u017eeni za izvo\u0111enje kvalitetnog programa.<\/p>\n<p>[\/et_pb_text][\/et_pb_column][\/et_pb_row][\/et_pb_section][et_pb_section bb_built=&#8221;1&#8243; module_class=&#8221;divider__diagonal-shadow&#8221; _builder_version=&#8221;3.5.1&#8243; prev_background_color=&#8221;#000000&#8243; next_background_color=&#8221;#000000&#8243;][et_pb_row module_class=&#8221;row&#8211;portfolio-header&#8221; _builder_version=&#8221;3.5.1&#8243;][et_pb_column type=&#8221;1_2&#8243;][et_pb_text admin_label=&#8221;02&#8243; module_class=&#8221;module__numeracija module&#8211;numeracija-plava&#8221; _builder_version=&#8221;3.5.1&#8243;]<\/p>\n<p>02<\/p>\n<p>[\/et_pb_text][et_pb_text admin_label=&#8221;Izazov&#8221; module_class=&#8221;h2&#8211;portfolio&#8221; _builder_version=&#8221;3.5.1&#8243;]<\/p>\n<p>Izazov<\/p>\n<p>[\/et_pb_text][et_pb_text module_class=&#8221;text__portfolio&#8221; _builder_version=&#8221;3.5.1&#8243;]<\/p>\n<p>Tvrtka je bila u procesu osnivanja te je bilo potrebno osmisliti naziv koji \u0107e ju uspje\u0161no pozicionirati na tr\u017ei\u0161tu i osigurati prednost u budu\u0107em poslovanju.<\/p>\n<p>Branding tvrtke va\u017ean je zbog prepoznatljivosti kod publike. Konkretno, kod brendiranja ovog projekta fokus je bio na tome da sam naziv i vizualna komunikacija asociraju na brigu odjeci i inovativnost.<\/p>\n<p>[\/et_pb_text][\/et_pb_column][et_pb_column type=&#8221;1_2&#8243;][et_pb_image src=&#8221;https:\/\/plavipixel.hr\/wp-content\/uploads\/2018\/06\/logo-3.jpg&#8221; module_class=&#8221;image__portfolio&#8221; _builder_version=&#8221;3.5.1&#8243; \/][\/et_pb_column][\/et_pb_row][\/et_pb_section][et_pb_section bb_built=&#8221;1&#8243; module_class=&#8221;divider__diagonal-shadow-bg&#8221; _builder_version=&#8221;3.5.1&#8243; prev_background_color=&#8221;#000000&#8243; next_background_color=&#8221;#000000&#8243;][et_pb_row module_class=&#8221;row&#8211;portfolio-header&#8221; _builder_version=&#8221;3.5.1&#8243;][et_pb_column type=&#8221;1_2&#8243;][et_pb_text admin_label=&#8221;03&#8243; module_class=&#8221;module__numeracija module&#8211;numeracija-siva&#8221; _builder_version=&#8221;3.5.1&#8243;]<\/p>\n<p>03<\/p>\n<p>[\/et_pb_text][et_pb_text admin_label=&#8221;Rje\u0161enje&#8221; module_class=&#8221;h2&#8211;portfolio&#8221; _builder_version=&#8221;3.5.1&#8243;]<\/p>\n<p>Rje\u0161enje<\/p>\n<p>[\/et_pb_text][et_pb_text admin_label=&#8221;Subtitle&#8221; module_class=&#8221;h3&#8211;portfolio&#8221; _builder_version=&#8221;3.5.1&#8243;]<\/p>\n<p>Marketing savjetovanje<\/p>\n<p>[\/et_pb_text][et_pb_text module_class=&#8221;text__portfolio&#8221; _builder_version=&#8221;3.5.1&#8243;]<\/p>\n<p>Savjetovali smo klijenta o promjeni imena u odnosu na originalnu ideju koja je bila preduga\u010dka.<\/p>\n<p>Kroz logotip smo \u017eeljeli naglasiti kako je to projekt namijenjen prvenstveno djeci i korisno provedenom vremenu izvan vrti\u0107a ili \u0161kole. Slova D i B inicijali su naziva programa te su izvedeni u obliku \u0161arenog leptira jer, jednako kao i kori\u0161tene \u0161arene boje, leptir simbolizira dje\u010dju razigranost. Prikazano je Idejno rje\u0161enje korporativne materijale, poslovnu posjetnicu i letke.<\/p>\n<p>Rje\u0161enje nije realizirano zbog hitnosti izrade i promjene planova naru\u010ditelja. Unato\u010d tome, projekt je konceptualno izveden i dr\u017eimo kako je i samo kao idejno rje\u0161enje vrijedno pa\u017enje.<\/p>\n<p>[\/et_pb_text][\/et_pb_column][et_pb_column type=&#8221;1_2&#8243;][et_pb_image src=&#8221;https:\/\/plavipixel.hr\/wp-content\/uploads\/2018\/06\/marketing.jpeg&#8221; module_class=&#8221;image__portfolio&#8221; _builder_version=&#8221;3.5.1&#8243; \/][\/et_pb_column][\/et_pb_row][\/et_pb_section][et_pb_section bb_built=&#8221;1&#8243; module_class=&#8221;divider__diagonal-shadow&#8221; _builder_version=&#8221;3.5.1&#8243; prev_background_color=&#8221;#000000&#8243;][et_pb_row module_class=&#8221;row__portfolio&#8221; _builder_version=&#8221;3.5.1&#8243;][et_pb_column type=&#8221;4_4&#8243;][et_pb_gallery gallery_ids=&#8221;2832,2834,2201,2202&#8243; show_title_and_caption=&#8221;off&#8221; zoom_icon_color=&#8221;#0c71c3&#8243; hover_overlay_color=&#8221;rgba(255,255,255,0.75)&#8221; hover_icon=&#8221;%%51%%&#8221; module_class=&#8221;image__portfolio&#8221; _builder_version=&#8221;3.9&#8243; \/][\/et_pb_column][\/et_pb_row][\/et_pb_section]<\/p>\n","protected":false},"excerpt":{"rendered":"<p>01 Usluge \u2714 marketing savjetovanje vezano za branding i naziv tvrtke (tvrtka u osnutku) Klijent je kroz Dnevni boravak \u017eelio pru\u017eiti \u0161kolarcima izvan\u0161kolsku edukaciju. Projekt je zami\u0161ljen na na\u010din da djeca prije ili poslije nastave dolaze pisati zada\u0107u ili u\u010diti nastavno gradivo, a uz to su organizirane i raznovrsne edukativne radionice za djecu i odrasle. [&hellip;]<\/p>\n","protected":false},"author":1,"featured_media":0,"parent":5668,"menu_order":0,"comment_status":"closed","ping_status":"closed","template":"","meta":{"_acf_changed":false,"_et_pb_use_builder":"on","_et_pb_old_content":"<p>[et_pb_section bb_built=\"1\"][et_pb_row][\/et_pb_row][\/et_pb_section]<\/p>","_et_gb_content_width":"","footnotes":""},"class_list":["post-6036","page","type-page","status-publish","hentry"],"acf":[],"yoast_head":"<!-- This site is optimized with the Yoast SEO plugin v25.4 - https:\/\/yoast.com\/wordpress\/plugins\/seo\/ -->\n<title>Dnevni Boravak: Mali inovatori - PLAVI PIXEL<\/title>\n<meta name=\"robots\" content=\"index, follow, max-snippet:-1, max-image-preview:large, max-video-preview:-1\" \/>\n<link rel=\"canonical\" href=\"https:\/\/plavipixel.hr\/en\/portfolio\/dnevni-boravak-mali-inovatori\/\" \/>\n<meta property=\"og:locale\" content=\"en_US\" \/>\n<meta property=\"og:type\" content=\"article\" \/>\n<meta property=\"og:title\" content=\"Dnevni Boravak: Mali inovatori - PLAVI PIXEL\" \/>\n<meta property=\"og:url\" content=\"https:\/\/plavipixel.hr\/en\/portfolio\/dnevni-boravak-mali-inovatori\/\" \/>\n<meta property=\"og:site_name\" content=\"PLAVI PIXEL\" \/>\n<meta name=\"twitter:card\" content=\"summary_large_image\" \/>\n<meta name=\"twitter:label1\" content=\"Est. reading time\" \/>\n\t<meta name=\"twitter:data1\" content=\"4 minutes\" \/>\n<script type=\"application\/ld+json\" class=\"yoast-schema-graph\">{\"@context\":\"https:\/\/schema.org\",\"@graph\":[{\"@type\":\"WebPage\",\"@id\":\"https:\/\/plavipixel.hr\/en\/portfolio\/dnevni-boravak-mali-inovatori\/\",\"url\":\"https:\/\/plavipixel.hr\/en\/portfolio\/dnevni-boravak-mali-inovatori\/\",\"name\":\"Dnevni Boravak: Mali inovatori - PLAVI PIXEL\",\"isPartOf\":{\"@id\":\"https:\/\/plavipixel.hr\/en\/#website\"},\"datePublished\":\"2018-06-04T13:43:31+00:00\",\"breadcrumb\":{\"@id\":\"https:\/\/plavipixel.hr\/en\/portfolio\/dnevni-boravak-mali-inovatori\/#breadcrumb\"},\"inLanguage\":\"en-US\",\"potentialAction\":[{\"@type\":\"ReadAction\",\"target\":[\"https:\/\/plavipixel.hr\/en\/portfolio\/dnevni-boravak-mali-inovatori\/\"]}]},{\"@type\":\"BreadcrumbList\",\"@id\":\"https:\/\/plavipixel.hr\/en\/portfolio\/dnevni-boravak-mali-inovatori\/#breadcrumb\",\"itemListElement\":[{\"@type\":\"ListItem\",\"position\":1,\"name\":\"Po\u010detna stranica\",\"item\":\"https:\/\/plavipixel.hr\/en\/\"},{\"@type\":\"ListItem\",\"position\":2,\"name\":\"Portfolio\",\"item\":\"https:\/\/plavipixel.hr\/en\/portfolio\/\"},{\"@type\":\"ListItem\",\"position\":3,\"name\":\"Dnevni Boravak: Mali inovatori\"}]},{\"@type\":\"WebSite\",\"@id\":\"https:\/\/plavipixel.hr\/en\/#website\",\"url\":\"https:\/\/plavipixel.hr\/en\/\",\"name\":\"PLAVI PIXEL\",\"description\":\"Marketing agencija s fokusom na digitalne medije\",\"potentialAction\":[{\"@type\":\"SearchAction\",\"target\":{\"@type\":\"EntryPoint\",\"urlTemplate\":\"https:\/\/plavipixel.hr\/en\/?s={search_term_string}\"},\"query-input\":{\"@type\":\"PropertyValueSpecification\",\"valueRequired\":true,\"valueName\":\"search_term_string\"}}],\"inLanguage\":\"en-US\"}]}<\/script>\n<!-- \/ Yoast SEO plugin. -->","yoast_head_json":{"title":"Dnevni Boravak: Mali inovatori - PLAVI PIXEL","robots":{"index":"index","follow":"follow","max-snippet":"max-snippet:-1","max-image-preview":"max-image-preview:large","max-video-preview":"max-video-preview:-1"},"canonical":"https:\/\/plavipixel.hr\/en\/portfolio\/dnevni-boravak-mali-inovatori\/","og_locale":"en_US","og_type":"article","og_title":"Dnevni Boravak: Mali inovatori - PLAVI PIXEL","og_url":"https:\/\/plavipixel.hr\/en\/portfolio\/dnevni-boravak-mali-inovatori\/","og_site_name":"PLAVI PIXEL","twitter_card":"summary_large_image","twitter_misc":{"Est. reading time":"4 minutes"},"schema":{"@context":"https:\/\/schema.org","@graph":[{"@type":"WebPage","@id":"https:\/\/plavipixel.hr\/en\/portfolio\/dnevni-boravak-mali-inovatori\/","url":"https:\/\/plavipixel.hr\/en\/portfolio\/dnevni-boravak-mali-inovatori\/","name":"Dnevni Boravak: Mali inovatori - PLAVI PIXEL","isPartOf":{"@id":"https:\/\/plavipixel.hr\/en\/#website"},"datePublished":"2018-06-04T13:43:31+00:00","breadcrumb":{"@id":"https:\/\/plavipixel.hr\/en\/portfolio\/dnevni-boravak-mali-inovatori\/#breadcrumb"},"inLanguage":"en-US","potentialAction":[{"@type":"ReadAction","target":["https:\/\/plavipixel.hr\/en\/portfolio\/dnevni-boravak-mali-inovatori\/"]}]},{"@type":"BreadcrumbList","@id":"https:\/\/plavipixel.hr\/en\/portfolio\/dnevni-boravak-mali-inovatori\/#breadcrumb","itemListElement":[{"@type":"ListItem","position":1,"name":"Po\u010detna stranica","item":"https:\/\/plavipixel.hr\/en\/"},{"@type":"ListItem","position":2,"name":"Portfolio","item":"https:\/\/plavipixel.hr\/en\/portfolio\/"},{"@type":"ListItem","position":3,"name":"Dnevni Boravak: Mali inovatori"}]},{"@type":"WebSite","@id":"https:\/\/plavipixel.hr\/en\/#website","url":"https:\/\/plavipixel.hr\/en\/","name":"PLAVI PIXEL","description":"Marketing agencija s fokusom na digitalne medije","potentialAction":[{"@type":"SearchAction","target":{"@type":"EntryPoint","urlTemplate":"https:\/\/plavipixel.hr\/en\/?s={search_term_string}"},"query-input":{"@type":"PropertyValueSpecification","valueRequired":true,"valueName":"search_term_string"}}],"inLanguage":"en-US"}]}},"_links":{"self":[{"href":"https:\/\/plavipixel.hr\/en\/wp-json\/wp\/v2\/pages\/6036","targetHints":{"allow":["GET"]}}],"collection":[{"href":"https:\/\/plavipixel.hr\/en\/wp-json\/wp\/v2\/pages"}],"about":[{"href":"https:\/\/plavipixel.hr\/en\/wp-json\/wp\/v2\/types\/page"}],"author":[{"embeddable":true,"href":"https:\/\/plavipixel.hr\/en\/wp-json\/wp\/v2\/users\/1"}],"replies":[{"embeddable":true,"href":"https:\/\/plavipixel.hr\/en\/wp-json\/wp\/v2\/comments?post=6036"}],"version-history":[{"count":0,"href":"https:\/\/plavipixel.hr\/en\/wp-json\/wp\/v2\/pages\/6036\/revisions"}],"up":[{"embeddable":true,"href":"https:\/\/plavipixel.hr\/en\/wp-json\/wp\/v2\/pages\/5668"}],"wp:attachment":[{"href":"https:\/\/plavipixel.hr\/en\/wp-json\/wp\/v2\/media?parent=6036"}],"curies":[{"name":"wp","href":"https:\/\/api.w.org\/{rel}","templated":true}]}}